{"id":265,"date":"2022-07-08T16:12:36","date_gmt":"2022-07-08T16:12:36","guid":{"rendered":"https:\/\/vivesco.local\/?page_id=265"},"modified":"2025-06-18T20:04:16","modified_gmt":"2025-06-18T20:04:16","slug":"contactanos","status":"publish","type":"page","link":"https:\/\/www.vivesco.co\/en\/contactanos\/","title":{"rendered":"Contact Us"},"content":{"rendered":"<section class=\"py-14 py-lg-17 page-title bg-overlay-opacity-02\" style=\"background-image: url('https:\/\/templates.g5plus.net\/homeid\/images\/BG4.jpg');background-size: cover;background-position: center\">\n<div class=\"container\">\n<h1 class=\"fs-22 fs-md-42 lh-15 mb-8 mb-lg-13 font-weight-normal text-center mxw-774 pt-2 text-white position-relative z-index-3\">\n\t\t\tFor more information about our services, please contact our expert consultants.<\/h1>\n<\/p><\/div>\n<\/section>\n<section>\n<div class=\"container\">\n<div class=\"card border-0 mt-n13 z-index-3 pb-8 pt-10\">\n<div class=\"card-body p-0\">\n<h2 class=\"text-heading mb-2 fs-22 fs-md-32 text-center lh-16\" editable=\"inline\">We always look forward to hearing from you.&nbsp;<\/p>\n<\/p>\n<\/p>\n<\/p>\n<\/p>\n<\/h2>\n<p class=\"text-center mxw-670 mb-8\" editable=\"inline\">Contact us for more information about our services&nbsp;<\/p>\n<\/p>\n<\/p>\n<\/p>\n<\/p>\n<\/p>\n<div class=\"mxw-751 px-md-5\">\n<div class=\"lune-rendered-shortcode-wrap\">\n<div class=\"wpcf7 no-js\" id=\"wpcf7-f243-o1\" lang=\"es-ES\" dir=\"ltr\" data-wpcf7-id=\"243\">\n<div class=\"screen-reader-response\" editable=\"rich\">\n<p role=\"status\" aria-live=\"polite\" aria-atomic=\"true\">\n<ul editable=\"inline\"><\/ul>\n<\/p><\/div>\n<form action=\"\/wp-admin\/admin-ajax.php#wpcf7-f243-o1\" method=\"post\" class=\"wpcf7-form init\" aria-label=\"Formulario de contacto\" novalidate=\"novalidate\" data-status=\"init\" data-trp-original-action=\"\/wp-admin\/admin-ajax.php#wpcf7-f243-o1\">\n<div style=\"display: none;\">\n\t\t\t\t\t\t\t\t\t<input type=\"hidden\" name=\"_wpcf7\" value=\"243\"><br \/>\n\t\t\t\t\t\t\t\t\t<input type=\"hidden\" name=\"_wpcf7_version\" value=\"6.0.1\"><br \/>\n\t\t\t\t\t\t\t\t\t<input type=\"hidden\" name=\"_wpcf7_locale\" value=\"es_ES\"><br \/>\n\t\t\t\t\t\t\t\t\t<input type=\"hidden\" name=\"_wpcf7_unit_tag\" value=\"wpcf7-f243-o1\"><br \/>\n\t\t\t\t\t\t\t\t\t<input type=\"hidden\" name=\"_wpcf7_container_post\" value=\"0\"><br \/>\n\t\t\t\t\t\t\t\t\t<input type=\"hidden\" name=\"_wpcf7_posted_data_hash\" value=\"\">\n\t\t\t\t\t\t\t\t<\/div>\n<div class=\"row\">\n<div class=\"col-md-6\">\n<div class=\"form-group\" editable=\"rich\">\n<p><span class=\"wpcf7-form-control-wrap\" data-name=\"Nombre\"><input size=\"40\" maxlength=\"400\" class=\"wpcf7-form-control wpcf7-text wpcf7-validates-as-required form-control form-control-lg border-0\" aria-required=\"true\" aria-invalid=\"false\" placeholder=\"Full Name\" value=\"\" type=\"text\" name=\"Nombre\"><\/span>\n\t\t\t\t\t\t\t\t\t\t\t<\/p>\n<\/p><\/div>\n<\/p><\/div>\n<div class=\"col-md-6\">\n<div class=\"form-group\" editable=\"rich\">\n<p><span class=\"wpcf7-form-control-wrap\" data-name=\"Ciudad\"><input size=\"40\" maxlength=\"400\" class=\"wpcf7-form-control wpcf7-text form-control form-control-lg border-0\" aria-invalid=\"false\" placeholder=\"City\" value=\"\" type=\"text\" name=\"Ciudad\"><\/span>\n\t\t\t\t\t\t\t\t\t\t\t<\/p>\n<\/p><\/div>\n<\/p><\/div>\n<\/p><\/div>\n<div class=\"row\">\n<div class=\"col-md-6\">\n<div class=\"form-group\" editable=\"rich\">\n<p><span class=\"wpcf7-form-control-wrap\" data-name=\"Email\"><input size=\"40\" maxlength=\"400\" class=\"wpcf7-form-control wpcf7-email wpcf7-validates-as-required wpcf7-text wpcf7-validates-as-email form-control form-control-lg border-0\" aria-required=\"true\" aria-invalid=\"false\" placeholder=\"Email\" value=\"\" type=\"email\" name=\"Email\"><\/span>\n\t\t\t\t\t\t\t\t\t\t\t<\/p>\n<\/p><\/div>\n<\/p><\/div>\n<div class=\"col-md-6\">\n<div class=\"form-group\" editable=\"rich\">\n<p><span class=\"wpcf7-form-control-wrap\" data-name=\"Telefono\"><input size=\"40\" maxlength=\"400\" class=\"wpcf7-form-control wpcf7-tel wpcf7-validates-as-required wpcf7-text wpcf7-validates-as-tel form-control form-control-lg border-0\" aria-required=\"true\" aria-invalid=\"false\" placeholder=\"Phone\" value=\"\" type=\"tel\" name=\"Telefono\"><\/span>\n\t\t\t\t\t\t\t\t\t\t\t<\/p>\n<\/p><\/div>\n<\/p><\/div>\n<\/p><\/div>\n<div class=\"form-group mb-6\" editable=\"rich\">\n<p><span class=\"wpcf7-form-control-wrap\" data-name=\"textarea-608\"><textarea cols=\"40\" rows=\"10\" maxlength=\"2000\" class=\"wpcf7-form-control wpcf7-textarea wpcf7-validates-as-required form-control border-0\" aria-required=\"true\" aria-invalid=\"false\" placeholder=\"Message\" name=\"textarea-608\"><\/textarea><\/span>\n\t\t\t\t\t\t\t\t\t<\/p>\n<\/p><\/div>\n<div class=\"form-group mb-4\" editable=\"rich\">\n<p><span class=\"wpcf7-form-control-wrap\" data-name=\"acceptance-640\"><span class=\"wpcf7-form-control wpcf7-acceptance\"><span class=\"wpcf7-list-item\"><label><input type=\"checkbox\" name=\"acceptance-640\" value=\"1\" aria-invalid=\"false\"><span class=\"wpcf7-list-item-label\">I Accept the <a href=\"\/en\/aviso-de-privacidad\/\">Privacy Policies<\/a><\/span><\/label><\/span><\/span><\/span>\n\t\t\t\t\t\t\t\t\t<\/p>\n<\/p><\/div>\n<div class=\"text-center\" editable=\"rich\">\n<p><button type=\"submit\" class=\"btn btn-lg btn-primary px-9\">Enviar<\/button>\n\t\t\t\t\t\t\t\t\t<\/p>\n<\/p><\/div>\n<div class=\"wpcf7-response-output\" aria-hidden=\"true\"><\/div>\n<\/p><input type=\"hidden\" name=\"trp-form-language\" value=\"en\"\/><\/form>\n<\/p><\/div>\n<\/p><\/div>\n<\/p><\/div>\n<\/p><\/div>\n<\/p><\/div>\n<div class=\"row mb-12 d-flex justify-content-center justify-space-between\">\n<div class=\"col-md-6 mb-6 justify-content-center d-flex\">\n<div class=\"card border-0\">\n<div class=\"media align-items-end\">\n\t\t\t\t\t\t<span class=\"text-primary fs-40 lh-1 d-inline-block mr-3\"><br \/>\n\t\t\t\t\t\t\t<svg xmlns=\"http:\/\/www.w3.org\/2000\/svg\" fill=\"currentColor\" class=\"icon icon-f1\" viewbox=\"0 0 32 32\" lune-helper=\"svg-icon\">\n\t\t\t\t\t\t\t\t<path d=\"M16 0c5.988 0 10.86 4.872 10.86 10.86 0 2.407-1.417 6.066-4.459 11.517-2.092 3.748-4.143 6.863-4.229 6.994l-1.493 2.263c-0.151 0.228-0.406 0.366-0.679 0.366s-0.529-0.137-0.679-0.366l-1.493-2.264c-0.087-0.132-2.153-3.274-4.229-6.994-3.042-5.451-4.459-9.111-4.459-11.517 0-5.988 4.872-10.86 10.86-10.86zM20.98 21.584c2.822-5.056 4.252-8.664 4.252-10.724 0-5.091-4.142-9.233-9.233-9.233s-9.233 4.142-9.233 9.233c0 2.060 1.431 5.668 4.252 10.724 2.047 3.668 4.081 6.761 4.167 6.891l0.814 1.234 0.814-1.234c0.085-0.129 2.104-3.194 4.166-6.89zM16 4.771c3.32 0 6.021 2.701 6.021 6.021s-2.701 6.021-6.021 6.021-6.021-2.701-6.021-6.021c0-3.32 2.701-6.021 6.021-6.021zM16 15.186c2.423 0 4.394-1.971 4.394-4.394s-1.971-4.394-4.394-4.394c-2.423 0-4.394 1.971-4.394 4.394s1.971 4.394 4.394 4.394z\"><\/path>\n\t\t\t\t\t\t\t<\/svg><br \/>\n\t\t\t\t\t\t<\/span><\/p>\n<div class=\"media-body\">\n<h4 class=\"fs-22 lh-15 mb-0 text-heading\">Address<\/h4>\n<\/p><\/div>\n<\/p><\/div>\n<div class=\"card-body px-0 pt-3 pb-0\">\n<p class=\"card-text mb-0\">CALLE 77B NO. 57-141 OF. 10-09<\/p>\n<p>Barranquilla, Colombia<\/p>\n<p>Centro Empresarial De Las Am\u00e9ricas<\/p>\n<\/p><\/div>\n<\/p><\/div>\n<\/p><\/div>\n<div class=\"col-md-6 mb-6 justify-content-center d-flex\">\n<div class=\"card border-0\">\n<div class=\"media align-items-end\">\n\t\t\t\t\t\t<span class=\"text-primary fs-40 lh-1 d-inline-block mr-3\"><br \/>\n\t\t\t\t\t\t\t<svg xmlns=\"http:\/\/www.w3.org\/2000\/svg\" fill=\"currentColor\" class=\"icon icon-f2\" viewbox=\"0 0 32 32\" style=\"\" lune-helper=\"svg-icon\">\n\t\t\t\t\t\t\t\t<path d=\"M13.251 18.749c3.054 3.054 6.109 3.744 7.332 3.9 0.338 0.044 0.678-0.073 0.918-0.315l2.471-2.472c0.364-0.363 0.93-0.427 1.366-0.154l6.111 3.934c0.481 0.302 0.654 0.919 0.4 1.427l-2.975 6.318c-0.203 0.412-0.64 0.654-1.096 0.607-3.146-0.331-10.876-1.702-18.473-9.299s-8.968-15.329-9.299-18.473c-0.047-0.456 0.195-0.894 0.607-1.096l6.318-2.975c0.509-0.255 1.128-0.080 1.43 0.402l3.935 6.111c0.273 0.436 0.208 1.002-0.156 1.366l-2.472 2.471c-0.242 0.24-0.359 0.58-0.315 0.918 0.156 1.224 0.845 4.278 3.9 7.332zM25.379 17.103c-0.609 0-1.103-0.494-1.103-1.103-0.005-4.568-3.707-8.271-8.276-8.276-0.609 0-1.103-0.494-1.103-1.103s0.494-1.103 1.103-1.103c5.787 0.006 10.476 4.696 10.483 10.483 0 0.609-0.494 1.103-1.103 1.103zM30.897 17.103c-0.609 0-1.103-0.494-1.103-1.103-0.008-7.614-6.179-13.785-13.793-13.793-0.609 0-1.103-0.494-1.103-1.103s0.494-1.103 1.103-1.103c8.832 0.010 15.99 7.168 16 16 0 0.293-0.116 0.573-0.323 0.78s-0.488 0.323-0.78 0.323z\"><\/path>\n\t\t\t\t\t\t\t<\/svg><br \/>\n\t\t\t\t\t\t<\/span><\/p>\n<div class=\"media-body\">\n<h4 class=\"fs-22 lh-15 mb-0 text-heading\">Phones<\/h4>\n<\/p><\/div>\n<\/p><\/div>\n<div class=\"card-body px-0 pt-3 pb-0\">\n\t\t\t\t\t\t<a href=\"tel:3245962247\" class=\"d-block text-heading lh-2 hover-primary text-decoration-none\">WhatsApp: (57)(324) 596-2247<\/a><br \/>\n\t\t\t\t\t\t<a href=\"tel:3173009238\" class=\"d-block text-heading lh-2 hover-primary text-decoration-none\">M\u00f3vil: (57)(317) 300-9238<\/a>\n\t\t\t\t\t<\/div>\n<\/p><\/div>\n<\/p><\/div>\n<\/p><\/div>\n<\/p><\/div>\n<\/section>","protected":false},"excerpt":{"rendered":"<p>Para obtener m\u00e1s informaci\u00f3n sobre nuestros servicios, por favor contacte a nuestros consultores expertos. Siempre esperamos tener noticias suyas.&nbsp; Cont\u00e1ctenos para obtener m\u00e1s informaci\u00f3n sobre nuestros servicios.&nbsp; Acepto las Pol\u00edticas de Privacidad Enviar Address CALLE 77B NO. 57-141 OF. 10-09 Barranquilla, Colombia Centro Empresarial De Las Am\u00e9ricas Phones WhatsApp: (57)(324) 596-2247 M\u00f3vil: (57)(317) 300-9238<\/p>","protected":false},"author":1,"featured_media":0,"parent":0,"menu_order":0,"comment_status":"closed","ping_status":"closed","template":"\/home\/vivescoc\/public_html\/wp-content\/plugins\/lune-core\/templates\/base.php","meta":{"footnotes":""},"class_list":["post-265","page","type-page","status-publish","hentry"],"_links":{"self":[{"href":"https:\/\/www.vivesco.co\/en\/wp-json\/wp\/v2\/pages\/265","targetHints":{"allow":["GET"]}}],"collection":[{"href":"https:\/\/www.vivesco.co\/en\/wp-json\/wp\/v2\/pages"}],"about":[{"href":"https:\/\/www.vivesco.co\/en\/wp-json\/wp\/v2\/types\/page"}],"author":[{"embeddable":true,"href":"https:\/\/www.vivesco.co\/en\/wp-json\/wp\/v2\/users\/1"}],"replies":[{"embeddable":true,"href":"https:\/\/www.vivesco.co\/en\/wp-json\/wp\/v2\/comments?post=265"}],"version-history":[{"count":5,"href":"https:\/\/www.vivesco.co\/en\/wp-json\/wp\/v2\/pages\/265\/revisions"}],"predecessor-version":[{"id":14690,"href":"https:\/\/www.vivesco.co\/en\/wp-json\/wp\/v2\/pages\/265\/revisions\/14690"}],"wp:attachment":[{"href":"https:\/\/www.vivesco.co\/en\/wp-json\/wp\/v2\/media?parent=265"}],"curies":[{"name":"wp","href":"https:\/\/api.w.org\/{rel}","templated":true}]}}