{"id":505,"date":"2022-07-14T16:34:25","date_gmt":"2022-07-14T16:34:25","guid":{"rendered":"https:\/\/vivesco.local\/?page_id=505"},"modified":"2022-08-08T21:15:11","modified_gmt":"2022-08-08T21:15:11","slug":"aviso-de-privacidad","status":"publish","type":"page","link":"https:\/\/www.vivesco.co\/en\/aviso-de-privacidad\/","title":{"rendered":"Politicas de Privacidad"},"content":{"rendered":"<section>\n\t<div class=\"container\">\n\t\t<div class=\"row\">\n\t\t\t<div class=\"col col-md-12 pt-15 center\">\n\t\t\t\t<div class=\"lune-block\">\n\t\t\t\t\t<h1>Politicas de privacidad<\/h1>\n\t\t\t\t\t<p>\n\t\t\t\t\t\t\n\t\t\t\t\t<\/p>\n\t\t\t\t\t<p>Vivesco Ltda., con domicilio en Barranquilla, Colombia, es responsable del tratamiento<br>de los datos personales.<br>Seg\u00fan nuestras pol\u00edticas de tratamiento de datos personales, los mecanismos a trav\u00e9s de los<br>cuales hacemos uso de \u00e9stos son seguros y confidenciales, pues contamos con los medios<br>tecnol\u00f3gicos id\u00f3neos para asegurar que sean almacenados de tal manera que se impida el<br>acceso indeseado por parte de terceras personas, y en ese mismo orden aseguramos la<br>confidencialidad de los mismos.<br>Usted podr\u00e1 ejercer sus derechos a conocer, actualizar, rectificar sus datos personales, hacer<br>consultas y reclamos, y dem\u00e1s derechos indicados en el art\u00edculo 8\u00b0 de la ley 1581 de 2012 y<br>las dem\u00e1s normas que lo complementen o sustituya, a trav\u00e9s de estos medios:<br>Direcci\u00f3n oficinas: Calle 77B # 57-141, Of. 1010.<br>Correo electr\u00f3nico: csenior@vivescorealtors.com<br>Tel\u00e9fono: 3687999<\/p>\n\t\t\t\t\t\n\n\t\t\t\t\t\n\t\t\t\t\t<ol class=\"wp-block-list\">\n\t\t\t\t\t\t<li>Lograr una eficiente comunicaci\u00f3n relacionada con nuestros productos, servicios,<br>ofertas, promociones, alianzas, estudios, concursos y contenidos;<\/li>\n\t\t\t\t\t\t<li>Proveer nuestros servicios y productos;<\/li>\n\t\t\t\t\t\t<li>Informar sobre nuevos productos o servicios que est\u00e9n relacionados con el o los<br>contratado(s) o adquirido(s);<\/li>\n\t\t\t\t\t\t<li>Dar cumplimiento a obligaciones contra\u00eddas con nuestros clientes, proveedores y<br>empleados;<\/li>\n\t\t\t\t\t\t<li>Informar sobre cambios de nuestros productos o servicios;<\/li>\n\t\t\t\t\t\t<li>Evaluar la calidad del servicio<\/li>\n\t\t\t\t\t\t<li>Realizar estudios sobre h\u00e1bitos de consumo.<\/li>\n\t\t\t\t\t\t<li>Transmitirlos dentro o fuera de Colombia, a terceros que provean al Responsable del<br>tratamiento, servicios tecnol\u00f3gicos, log\u00edsticos, administrativos, de distribuci\u00f3n, e-mail<br>marketing de contact center y\/o cualquier otro servicio que requiera el Responsable para<br>el buen desarrollo de la prestaci\u00f3n del servicio, siempre y cuando el tercero cumpla con<br>la Pol\u00edtica de Tratamiento y Procedimientos de Datos Personales del Responsable.<br>\uf0a7 9. Transferirlos y\/o transmitirlos, dentro o fuera de Colombia, a empresas<br>vinculadas al Responsable del tratamiento, siempre cumpliendo con la Pol\u00edtica de<br>Tratamiento y Procedimientos de Datos Personales y, en caso de transferencia al<br>exterior, el pa\u00eds al que sean transferidos los datos cumplan con los niveles adecuados de<br>protecci\u00f3n<\/li>\n\t\t\t\t\t<\/ol>\n\t\t\t\t\t\n\t\t\t\t\t<p><\/p>\n\t\t\t\t<\/div>\n\t\t\t<\/div>\n\t\t<\/div>\n\t<\/div>\n<\/section>","protected":false},"excerpt":{"rendered":"<p>Politicas de privacidad Vivesco Ltda., con domicilio en Barranquilla, Colombia, es responsable del tratamientode los datos personales.Seg\u00fan nuestras pol\u00edticas de tratamiento de datos personales, los mecanismos a trav\u00e9s de loscuales hacemos uso de \u00e9stos son seguros y confidenciales, pues contamos con los mediostecnol\u00f3gicos id\u00f3neos para asegurar que sean almacenados de tal manera que se impida [&hellip;]<\/p>\n","protected":false},"author":1,"featured_media":0,"parent":0,"menu_order":0,"comment_status":"closed","ping_status":"closed","template":"","meta":{"footnotes":""},"class_list":["post-505","page","type-page","status-publish","hentry"],"_links":{"self":[{"href":"https:\/\/www.vivesco.co\/en\/wp-json\/wp\/v2\/pages\/505","targetHints":{"allow":["GET"]}}],"collection":[{"href":"https:\/\/www.vivesco.co\/en\/wp-json\/wp\/v2\/pages"}],"about":[{"href":"https:\/\/www.vivesco.co\/en\/wp-json\/wp\/v2\/types\/page"}],"author":[{"embeddable":true,"href":"https:\/\/www.vivesco.co\/en\/wp-json\/wp\/v2\/users\/1"}],"replies":[{"embeddable":true,"href":"https:\/\/www.vivesco.co\/en\/wp-json\/wp\/v2\/comments?post=505"}],"version-history":[{"count":4,"href":"https:\/\/www.vivesco.co\/en\/wp-json\/wp\/v2\/pages\/505\/revisions"}],"predecessor-version":[{"id":652,"href":"https:\/\/www.vivesco.co\/en\/wp-json\/wp\/v2\/pages\/505\/revisions\/652"}],"wp:attachment":[{"href":"https:\/\/www.vivesco.co\/en\/wp-json\/wp\/v2\/media?parent=505"}],"curies":[{"name":"wp","href":"https:\/\/api.w.org\/{rel}","templated":true}]}}